{"id":866,"date":"2017-05-15T20:57:30","date_gmt":"2017-05-15T18:57:30","guid":{"rendered":"http:\/\/francaisdesuisse.ch\/wp\/site\/?page_id=866"},"modified":"2017-05-15T20:58:54","modified_gmt":"2017-05-15T18:58:54","slug":"liste-des-evenements","status":"publish","type":"page","link":"https:\/\/francaisdesuisse.ch\/wp\/site\/dates-a-retenir\/liste-des-evenements\/","title":{"rendered":"Liste des \u00e9v\u00e8nements"},"content":{"rendered":"<p><strong>Les \u00e9v\u00e8nements \u00e0 venir sont :<\/strong><br \/>\n\n\n\t<ul  class=\"eo-events eo-events-shortcode\" > \n\n\t\t\n\t\t\t\n\t\t\t<li class=\"eo-event-cat-dejeuner eo-event-future\" >\n\t\t\t\t<a href=\"https:\/\/francaisdesuisse.ch\/wp\/site\/events\/event\/dejeuner-mensuel-le-vendredi-8-mai\/\">D\u00e9jeuner mensuel le vendredi 8 mai<\/a> le 08\/05\/2026 12:00\t\t\t<\/li>\n\n\t\t\n\t\t\t\n\t\t\t<li class=\"eo-event-cat-autres eo-event-future\" >\n\t\t\t\t<a href=\"https:\/\/francaisdesuisse.ch\/wp\/site\/events\/event\/tour-decouverte-du-depot-de-la-sbb-a-olten-le-mercredi-13-mai-a-11-heures\/\">Tour d\u00e9couverte du d\u00e9p\u00f4t de la SBB \u00e0 Olten le mercredi 13 mai \u00e0 11 heures<\/a> le 13\/05\/2026 11:00\t\t\t<\/li>\n\n\t\t\n\t\t\t\n\t\t\t<li class=\"eo-event-cat-dejeuner eo-event-future\" >\n\t\t\t\t<a href=\"https:\/\/francaisdesuisse.ch\/wp\/site\/events\/event\/dejeuner-mensuel-le-vendredi-12-juin\/\">D\u00e9jeuner mensuel le vendredi 12 juin<\/a> le 12\/06\/2026 12:00\t\t\t<\/li>\n\n\t\t\n\t\t\t\n\t\t\t<li class=\"eo-event-venue-petanque-club-zurich eo-event-cat-soiree-conviviale eo-event-future\" >\n\t\t\t\t<a href=\"https:\/\/francaisdesuisse.ch\/wp\/site\/events\/event\/soiree-petanque-et-apero-de-la-rentree-3\/\">Soir\u00e9e p\u00e9tanque et ap\u00e9ro de la rentr\u00e9e<\/a> le 07\/09\/2026 18:00\t\t\t<\/li>\n\n\t\t\n\t\t\t\n\t\t\t<li class=\"eo-event-cat-soiree-conviviale eo-event-future\" >\n\t\t\t\t<a href=\"https:\/\/francaisdesuisse.ch\/wp\/site\/events\/event\/soiree-beaujolais-nouveau\/\">Soir\u00e9e Beaujolais nouveau<\/a> le 24\/11\/2026 18:00\t\t\t<\/li>\n\n\t\t\n\t<\/ul>\n\n\n","protected":false},"excerpt":{"rendered":"<p>Les \u00e9v\u00e8nements \u00e0 venir sont :<\/p>\n","protected":false},"author":1,"featured_media":0,"parent":33,"menu_order":0,"comment_status":"closed","ping_status":"closed","template":"","meta":{"jetpack_post_was_ever_published":false,"footnotes":""},"yoast_head":"<!-- This site is optimized with the Yoast SEO plugin v21.1 - https:\/\/yoast.com\/wordpress\/plugins\/seo\/ -->\n<title>Liste des \u00e9v\u00e8nements - UFEZ<\/title>\n<meta name=\"robots\" content=\"index, follow, max-snippet:-1, max-image-preview:large, max-video-preview:-1\" \/>\n<link rel=\"canonical\" href=\"https:\/\/francaisdesuisse.ch\/wp\/site\/dates-a-retenir\/liste-des-evenements\/\" \/>\n<meta property=\"og:locale\" content=\"fr_FR\" \/>\n<meta property=\"og:type\" content=\"article\" \/>\n<meta property=\"og:title\" content=\"Liste des \u00e9v\u00e8nements - UFEZ\" \/>\n<meta property=\"og:description\" content=\"Les \u00e9v\u00e8nements \u00e0 venir sont :\" \/>\n<meta property=\"og:url\" content=\"https:\/\/francaisdesuisse.ch\/wp\/site\/dates-a-retenir\/liste-des-evenements\/\" \/>\n<meta property=\"og:site_name\" content=\"UFEZ\" \/>\n<meta property=\"article:publisher\" content=\"https:\/\/www.facebook.com\/francaisdesuisse\" \/>\n<meta property=\"article:modified_time\" content=\"2017-05-15T18:58:54+00:00\" \/>\n<meta name=\"twitter:card\" content=\"summary_large_image\" \/>\n<script type=\"application\/ld+json\" class=\"yoast-schema-graph\">{\"@context\":\"https:\/\/schema.org\",\"@graph\":[{\"@type\":\"WebPage\",\"@id\":\"https:\/\/francaisdesuisse.ch\/wp\/site\/dates-a-retenir\/liste-des-evenements\/\",\"url\":\"https:\/\/francaisdesuisse.ch\/wp\/site\/dates-a-retenir\/liste-des-evenements\/\",\"name\":\"Liste des \u00e9v\u00e8nements - UFEZ\",\"isPartOf\":{\"@id\":\"https:\/\/francaisdesuisse.ch\/wp\/site\/#website\"},\"datePublished\":\"2017-05-15T18:57:30+00:00\",\"dateModified\":\"2017-05-15T18:58:54+00:00\",\"breadcrumb\":{\"@id\":\"https:\/\/francaisdesuisse.ch\/wp\/site\/dates-a-retenir\/liste-des-evenements\/#breadcrumb\"},\"inLanguage\":\"fr-FR\",\"potentialAction\":[{\"@type\":\"ReadAction\",\"target\":[\"https:\/\/francaisdesuisse.ch\/wp\/site\/dates-a-retenir\/liste-des-evenements\/\"]}]},{\"@type\":\"BreadcrumbList\",\"@id\":\"https:\/\/francaisdesuisse.ch\/wp\/site\/dates-a-retenir\/liste-des-evenements\/#breadcrumb\",\"itemListElement\":[{\"@type\":\"ListItem\",\"position\":1,\"name\":\"Accueil\",\"item\":\"https:\/\/francaisdesuisse.ch\/wp\/site\/\"},{\"@type\":\"ListItem\",\"position\":2,\"name\":\"Dates \u00e0 retenir &#8211; \u00c9v\u00e8nements\",\"item\":\"https:\/\/francaisdesuisse.ch\/wp\/site\/dates-a-retenir\/\"},{\"@type\":\"ListItem\",\"position\":3,\"name\":\"Liste des \u00e9v\u00e8nements\"}]},{\"@type\":\"WebSite\",\"@id\":\"https:\/\/francaisdesuisse.ch\/wp\/site\/#website\",\"url\":\"https:\/\/francaisdesuisse.ch\/wp\/site\/\",\"name\":\"UFEZ\",\"description\":\"\",\"publisher\":{\"@id\":\"https:\/\/francaisdesuisse.ch\/wp\/site\/#organization\"},\"potentialAction\":[{\"@type\":\"SearchAction\",\"target\":{\"@type\":\"EntryPoint\",\"urlTemplate\":\"https:\/\/francaisdesuisse.ch\/wp\/site\/?s={search_term_string}\"},\"query-input\":\"required name=search_term_string\"}],\"inLanguage\":\"fr-FR\"},{\"@type\":\"Organization\",\"@id\":\"https:\/\/francaisdesuisse.ch\/wp\/site\/#organization\",\"name\":\"UFEZ\",\"url\":\"https:\/\/francaisdesuisse.ch\/wp\/site\/\",\"logo\":{\"@type\":\"ImageObject\",\"inLanguage\":\"fr-FR\",\"@id\":\"https:\/\/francaisdesuisse.ch\/wp\/site\/#\/schema\/logo\/image\/\",\"url\":\"https:\/\/francaisdesuisse.ch\/wp\/site\/wp-content\/uploads\/2018\/11\/ufezLogo800x600.png\",\"contentUrl\":\"https:\/\/francaisdesuisse.ch\/wp\/site\/wp-content\/uploads\/2018\/11\/ufezLogo800x600.png\",\"width\":800,\"height\":600,\"caption\":\"UFEZ\"},\"image\":{\"@id\":\"https:\/\/francaisdesuisse.ch\/wp\/site\/#\/schema\/logo\/image\/\"},\"sameAs\":[\"https:\/\/www.facebook.com\/francaisdesuisse\"]}]}<\/script>\n<!-- \/ Yoast SEO plugin. -->","yoast_head_json":{"title":"Liste des \u00e9v\u00e8nements - UFEZ","robots":{"index":"index","follow":"follow","max-snippet":"max-snippet:-1","max-image-preview":"max-image-preview:large","max-video-preview":"max-video-preview:-1"},"canonical":"https:\/\/francaisdesuisse.ch\/wp\/site\/dates-a-retenir\/liste-des-evenements\/","og_locale":"fr_FR","og_type":"article","og_title":"Liste des \u00e9v\u00e8nements - UFEZ","og_description":"Les \u00e9v\u00e8nements \u00e0 venir sont :","og_url":"https:\/\/francaisdesuisse.ch\/wp\/site\/dates-a-retenir\/liste-des-evenements\/","og_site_name":"UFEZ","article_publisher":"https:\/\/www.facebook.com\/francaisdesuisse","article_modified_time":"2017-05-15T18:58:54+00:00","twitter_card":"summary_large_image","schema":{"@context":"https:\/\/schema.org","@graph":[{"@type":"WebPage","@id":"https:\/\/francaisdesuisse.ch\/wp\/site\/dates-a-retenir\/liste-des-evenements\/","url":"https:\/\/francaisdesuisse.ch\/wp\/site\/dates-a-retenir\/liste-des-evenements\/","name":"Liste des \u00e9v\u00e8nements - UFEZ","isPartOf":{"@id":"https:\/\/francaisdesuisse.ch\/wp\/site\/#website"},"datePublished":"2017-05-15T18:57:30+00:00","dateModified":"2017-05-15T18:58:54+00:00","breadcrumb":{"@id":"https:\/\/francaisdesuisse.ch\/wp\/site\/dates-a-retenir\/liste-des-evenements\/#breadcrumb"},"inLanguage":"fr-FR","potentialAction":[{"@type":"ReadAction","target":["https:\/\/francaisdesuisse.ch\/wp\/site\/dates-a-retenir\/liste-des-evenements\/"]}]},{"@type":"BreadcrumbList","@id":"https:\/\/francaisdesuisse.ch\/wp\/site\/dates-a-retenir\/liste-des-evenements\/#breadcrumb","itemListElement":[{"@type":"ListItem","position":1,"name":"Accueil","item":"https:\/\/francaisdesuisse.ch\/wp\/site\/"},{"@type":"ListItem","position":2,"name":"Dates \u00e0 retenir &#8211; \u00c9v\u00e8nements","item":"https:\/\/francaisdesuisse.ch\/wp\/site\/dates-a-retenir\/"},{"@type":"ListItem","position":3,"name":"Liste des \u00e9v\u00e8nements"}]},{"@type":"WebSite","@id":"https:\/\/francaisdesuisse.ch\/wp\/site\/#website","url":"https:\/\/francaisdesuisse.ch\/wp\/site\/","name":"UFEZ","description":"","publisher":{"@id":"https:\/\/francaisdesuisse.ch\/wp\/site\/#organization"},"potentialAction":[{"@type":"SearchAction","target":{"@type":"EntryPoint","urlTemplate":"https:\/\/francaisdesuisse.ch\/wp\/site\/?s={search_term_string}"},"query-input":"required name=search_term_string"}],"inLanguage":"fr-FR"},{"@type":"Organization","@id":"https:\/\/francaisdesuisse.ch\/wp\/site\/#organization","name":"UFEZ","url":"https:\/\/francaisdesuisse.ch\/wp\/site\/","logo":{"@type":"ImageObject","inLanguage":"fr-FR","@id":"https:\/\/francaisdesuisse.ch\/wp\/site\/#\/schema\/logo\/image\/","url":"https:\/\/francaisdesuisse.ch\/wp\/site\/wp-content\/uploads\/2018\/11\/ufezLogo800x600.png","contentUrl":"https:\/\/francaisdesuisse.ch\/wp\/site\/wp-content\/uploads\/2018\/11\/ufezLogo800x600.png","width":800,"height":600,"caption":"UFEZ"},"image":{"@id":"https:\/\/francaisdesuisse.ch\/wp\/site\/#\/schema\/logo\/image\/"},"sameAs":["https:\/\/www.facebook.com\/francaisdesuisse"]}]}},"jetpack_sharing_enabled":true,"jetpack_shortlink":"https:\/\/wp.me\/P7hKj7-dY","_links":{"self":[{"href":"https:\/\/francaisdesuisse.ch\/wp\/site\/wp-json\/wp\/v2\/pages\/866"}],"collection":[{"href":"https:\/\/francaisdesuisse.ch\/wp\/site\/wp-json\/wp\/v2\/pages"}],"about":[{"href":"https:\/\/francaisdesuisse.ch\/wp\/site\/wp-json\/wp\/v2\/types\/page"}],"author":[{"embeddable":true,"href":"https:\/\/francaisdesuisse.ch\/wp\/site\/wp-json\/wp\/v2\/users\/1"}],"replies":[{"embeddable":true,"href":"https:\/\/francaisdesuisse.ch\/wp\/site\/wp-json\/wp\/v2\/comments?post=866"}],"version-history":[{"count":2,"href":"https:\/\/francaisdesuisse.ch\/wp\/site\/wp-json\/wp\/v2\/pages\/866\/revisions"}],"predecessor-version":[{"id":868,"href":"https:\/\/francaisdesuisse.ch\/wp\/site\/wp-json\/wp\/v2\/pages\/866\/revisions\/868"}],"up":[{"embeddable":true,"href":"https:\/\/francaisdesuisse.ch\/wp\/site\/wp-json\/wp\/v2\/pages\/33"}],"wp:attachment":[{"href":"https:\/\/francaisdesuisse.ch\/wp\/site\/wp-json\/wp\/v2\/media?parent=866"}],"curies":[{"name":"wp","href":"https:\/\/api.w.org\/{rel}","templated":true}]}}