{"id":222,"date":"2015-09-02T11:32:33","date_gmt":"2015-09-02T10:32:33","guid":{"rendered":"http:\/\/francaisdesuisse.ch\/wp\/site\/?page_id=222"},"modified":"2025-03-24T08:48:39","modified_gmt":"2025-03-24T07:48:39","slug":"vos-parlementaires-2","status":"publish","type":"page","link":"https:\/\/francaisdesuisse.ch\/wp\/site\/liens-utiles\/vos-parlementaires-2\/","title":{"rendered":"Vos parlementaires"},"content":{"rendered":"<p><strong><a href=\"http:\/\/francaisdesuisse.ch\/wp\/site\/wp-content\/uploads\/2017\/05\/Assemblee.jpg\"><img decoding=\"async\" loading=\"lazy\" class=\"size-full wp-image-846 alignleft\" src=\"http:\/\/francaisdesuisse.ch\/wp\/site\/wp-content\/uploads\/2017\/05\/Assemblee.jpg\" alt=\"\" width=\"133\" height=\"120\" \/><\/a><\/strong><\/p>\n<p><strong>D\u00e9put\u00e9s des Fran\u00e7ais de l&rsquo;Etranger<\/strong><\/p>\n<p>La r\u00e9vision constitutionnelle du 23 juillet 2008 a\u00a0 introduit la repr\u00e9sentation \u00e0 l\u2019Assembl\u00e9e Nationale des Fran\u00e7ais de l\u2019\u00e9tranger.<br \/>\nComme l\u2019UFE le demandait depuis de nombreuses ann\u00e9es, 11 postes de D\u00e9put\u00e9s de Fran\u00e7ais de l\u2019\u00e9tranger viennent, au c\u00f4t\u00e9 des 12 S\u00e9nateurs des Fran\u00e7ais \u00e9tablis hors de France, compl\u00e9ter la repr\u00e9sentation des Fran\u00e7ais de l\u2019\u00e9tranger au Parlement.<\/p>\n<p>Ces d\u00e9put\u00e9s sont, comme ceux de m\u00e9tropole, \u00e9lus au scrutin majoritaire. Par contre, il existe tout de m\u00eame quelques sp\u00e9cificit\u00e9s \u00e0 cette \u00e9lection. Contrairement \u00e0 la m\u00e9tropole, les Fran\u00e7ais de l&rsquo;\u00e9tranger peuvent voter \u00e0 l&rsquo;urne, bien entendu, mais aussi par correspondance ou par voie \u00e9lectronique. Les deux tours de l&rsquo;\u00e9lection sont espac\u00e9s non pas d&rsquo;une mais de deux semaines pour permettre aux candidats de parcourir des circonscriptions parfois tr\u00e8s \u00e9tendues.<\/p>\n<p><strong>M.\u00a0Marc Ferracci a \u00e9t\u00e9 \u00e9lu d\u00e9put\u00e9 de la 6\u00e8me circonscription des Fran\u00e7ais de l\u2019\u00e9tranger (Suisse et Principaut\u00e9 de Liechtenstein) au 2nd tour des \u00e9lections l\u00e9gislatives le 7 juillet 2024.<br class=\"autobr\" \/>Suite \u00e0 sa nomination au Gouvernement, sa suppl\u00e9ante est Mme\u00a0Marie-Ange Rousselot.<\/strong><\/p>\n<p><strong><a href=\"http:\/\/francaisdesuisse.ch\/wp\/site\/wp-content\/uploads\/2017\/05\/Senat.png\"><img decoding=\"async\" loading=\"lazy\" class=\"size-full wp-image-847 alignleft\" src=\"http:\/\/francaisdesuisse.ch\/wp\/site\/wp-content\/uploads\/2017\/05\/Senat.png\" alt=\"\" width=\"122\" height=\"123\" \/><\/a><\/strong><\/p>\n<p><strong>S\u00e9nateurs des Fran\u00e7ais de l&rsquo;Etranger<\/strong><br \/>\nDepuis 1946, les Fran\u00e7ais de l&rsquo;\u00e9tranger sont repr\u00e9sent\u00e9s au S\u00e9nat. Depuis 1983, les S\u00e9nateurs\u00a0 sont \u00e9lus, comme leurs homologues de m\u00e9tropole, par un coll\u00e8ge \u00e9lectoral au suffrage indirect. Ce coll\u00e8ge \u00e9lectoral est form\u00e9 des membres de l&rsquo;Assembl\u00e9e des Fran\u00e7ais de l&rsquo;Etranger eux m\u00eames \u00e9lus par les Fran\u00e7ais r\u00e9sidant \u00e0 l&rsquo;\u00e9tranger.<\/p>\n<p>Les Fran\u00e7ais de l&rsquo;\u00e9tranger sont aujourd&rsquo;hui repr\u00e9sent\u00e9s par <strong>12 S\u00e9nateurs<\/strong>.<\/p>\n<div><a href=\"http:\/\/www.senat.fr\/expatries\/vos_senateurs.html\" target=\"_blank\" rel=\"noopener noreferrer\">http:\/\/www.senat.fr\/expatries\/vos_senateurs.html<\/a><\/div>\n","protected":false},"excerpt":{"rendered":"<p>D\u00e9put\u00e9s des Fran\u00e7ais de l&rsquo;Etranger La r\u00e9vision constitutionnelle du 23 juillet 2008 a\u00a0 introduit la repr\u00e9sentation \u00e0 l\u2019Assembl\u00e9e Nationale des Fran\u00e7ais de l\u2019\u00e9tranger. Comme l\u2019UFE le demandait depuis de nombreuses ann\u00e9es, 11 postes de D\u00e9put\u00e9s de Fran\u00e7ais de l\u2019\u00e9tranger viennent, au c\u00f4t\u00e9 des 12 S\u00e9nateurs des Fran\u00e7ais \u00e9tablis hors de France, compl\u00e9ter la repr\u00e9sentation des<\/p>\n","protected":false},"author":2,"featured_media":0,"parent":70,"menu_order":5,"comment_status":"closed","ping_status":"closed","template":"","meta":{"jetpack_post_was_ever_published":false,"footnotes":""},"yoast_head":"<!-- This site is optimized with the Yoast SEO plugin v21.1 - https:\/\/yoast.com\/wordpress\/plugins\/seo\/ -->\n<title>Vos parlementaires - UFEZ<\/title>\n<meta name=\"robots\" content=\"index, follow, max-snippet:-1, max-image-preview:large, max-video-preview:-1\" \/>\n<link rel=\"canonical\" href=\"https:\/\/francaisdesuisse.ch\/wp\/site\/liens-utiles\/vos-parlementaires-2\/\" \/>\n<meta property=\"og:locale\" content=\"fr_FR\" \/>\n<meta property=\"og:type\" content=\"article\" \/>\n<meta property=\"og:title\" content=\"Vos parlementaires - UFEZ\" \/>\n<meta property=\"og:description\" content=\"D\u00e9put\u00e9s des Fran\u00e7ais de l&rsquo;Etranger La r\u00e9vision constitutionnelle du 23 juillet 2008 a\u00a0 introduit la repr\u00e9sentation \u00e0 l\u2019Assembl\u00e9e Nationale des Fran\u00e7ais de l\u2019\u00e9tranger. Comme l\u2019UFE le demandait depuis de nombreuses ann\u00e9es, 11 postes de D\u00e9put\u00e9s de Fran\u00e7ais de l\u2019\u00e9tranger viennent, au c\u00f4t\u00e9 des 12 S\u00e9nateurs des Fran\u00e7ais \u00e9tablis hors de France, compl\u00e9ter la repr\u00e9sentation des\" \/>\n<meta property=\"og:url\" content=\"https:\/\/francaisdesuisse.ch\/wp\/site\/liens-utiles\/vos-parlementaires-2\/\" \/>\n<meta property=\"og:site_name\" content=\"UFEZ\" \/>\n<meta property=\"article:publisher\" content=\"https:\/\/www.facebook.com\/francaisdesuisse\" \/>\n<meta property=\"article:modified_time\" content=\"2025-03-24T07:48:39+00:00\" \/>\n<meta property=\"og:image\" content=\"http:\/\/francaisdesuisse.ch\/wp\/site\/wp-content\/uploads\/2017\/05\/Assemblee.jpg\" \/>\n<meta name=\"twitter:card\" content=\"summary_large_image\" \/>\n<meta name=\"twitter:label1\" content=\"Dur\u00e9e de lecture estim\u00e9e\" \/>\n\t<meta name=\"twitter:data1\" content=\"2 minutes\" \/>\n<script type=\"application\/ld+json\" class=\"yoast-schema-graph\">{\"@context\":\"https:\/\/schema.org\",\"@graph\":[{\"@type\":\"WebPage\",\"@id\":\"https:\/\/francaisdesuisse.ch\/wp\/site\/liens-utiles\/vos-parlementaires-2\/\",\"url\":\"https:\/\/francaisdesuisse.ch\/wp\/site\/liens-utiles\/vos-parlementaires-2\/\",\"name\":\"Vos parlementaires - UFEZ\",\"isPartOf\":{\"@id\":\"https:\/\/francaisdesuisse.ch\/wp\/site\/#website\"},\"datePublished\":\"2015-09-02T10:32:33+00:00\",\"dateModified\":\"2025-03-24T07:48:39+00:00\",\"breadcrumb\":{\"@id\":\"https:\/\/francaisdesuisse.ch\/wp\/site\/liens-utiles\/vos-parlementaires-2\/#breadcrumb\"},\"inLanguage\":\"fr-FR\",\"potentialAction\":[{\"@type\":\"ReadAction\",\"target\":[\"https:\/\/francaisdesuisse.ch\/wp\/site\/liens-utiles\/vos-parlementaires-2\/\"]}]},{\"@type\":\"BreadcrumbList\",\"@id\":\"https:\/\/francaisdesuisse.ch\/wp\/site\/liens-utiles\/vos-parlementaires-2\/#breadcrumb\",\"itemListElement\":[{\"@type\":\"ListItem\",\"position\":1,\"name\":\"Accueil\",\"item\":\"https:\/\/francaisdesuisse.ch\/wp\/site\/\"},{\"@type\":\"ListItem\",\"position\":2,\"name\":\"Liens utiles\",\"item\":\"https:\/\/francaisdesuisse.ch\/wp\/site\/liens-utiles\/\"},{\"@type\":\"ListItem\",\"position\":3,\"name\":\"Vos parlementaires\"}]},{\"@type\":\"WebSite\",\"@id\":\"https:\/\/francaisdesuisse.ch\/wp\/site\/#website\",\"url\":\"https:\/\/francaisdesuisse.ch\/wp\/site\/\",\"name\":\"UFEZ\",\"description\":\"\",\"publisher\":{\"@id\":\"https:\/\/francaisdesuisse.ch\/wp\/site\/#organization\"},\"potentialAction\":[{\"@type\":\"SearchAction\",\"target\":{\"@type\":\"EntryPoint\",\"urlTemplate\":\"https:\/\/francaisdesuisse.ch\/wp\/site\/?s={search_term_string}\"},\"query-input\":\"required name=search_term_string\"}],\"inLanguage\":\"fr-FR\"},{\"@type\":\"Organization\",\"@id\":\"https:\/\/francaisdesuisse.ch\/wp\/site\/#organization\",\"name\":\"UFEZ\",\"url\":\"https:\/\/francaisdesuisse.ch\/wp\/site\/\",\"logo\":{\"@type\":\"ImageObject\",\"inLanguage\":\"fr-FR\",\"@id\":\"https:\/\/francaisdesuisse.ch\/wp\/site\/#\/schema\/logo\/image\/\",\"url\":\"https:\/\/francaisdesuisse.ch\/wp\/site\/wp-content\/uploads\/2018\/11\/ufezLogo800x600.png\",\"contentUrl\":\"https:\/\/francaisdesuisse.ch\/wp\/site\/wp-content\/uploads\/2018\/11\/ufezLogo800x600.png\",\"width\":800,\"height\":600,\"caption\":\"UFEZ\"},\"image\":{\"@id\":\"https:\/\/francaisdesuisse.ch\/wp\/site\/#\/schema\/logo\/image\/\"},\"sameAs\":[\"https:\/\/www.facebook.com\/francaisdesuisse\"]}]}<\/script>\n<!-- \/ Yoast SEO plugin. -->","yoast_head_json":{"title":"Vos parlementaires - UFEZ","robots":{"index":"index","follow":"follow","max-snippet":"max-snippet:-1","max-image-preview":"max-image-preview:large","max-video-preview":"max-video-preview:-1"},"canonical":"https:\/\/francaisdesuisse.ch\/wp\/site\/liens-utiles\/vos-parlementaires-2\/","og_locale":"fr_FR","og_type":"article","og_title":"Vos parlementaires - UFEZ","og_description":"D\u00e9put\u00e9s des Fran\u00e7ais de l&rsquo;Etranger La r\u00e9vision constitutionnelle du 23 juillet 2008 a\u00a0 introduit la repr\u00e9sentation \u00e0 l\u2019Assembl\u00e9e Nationale des Fran\u00e7ais de l\u2019\u00e9tranger. Comme l\u2019UFE le demandait depuis de nombreuses ann\u00e9es, 11 postes de D\u00e9put\u00e9s de Fran\u00e7ais de l\u2019\u00e9tranger viennent, au c\u00f4t\u00e9 des 12 S\u00e9nateurs des Fran\u00e7ais \u00e9tablis hors de France, compl\u00e9ter la repr\u00e9sentation des","og_url":"https:\/\/francaisdesuisse.ch\/wp\/site\/liens-utiles\/vos-parlementaires-2\/","og_site_name":"UFEZ","article_publisher":"https:\/\/www.facebook.com\/francaisdesuisse","article_modified_time":"2025-03-24T07:48:39+00:00","og_image":[{"url":"http:\/\/francaisdesuisse.ch\/wp\/site\/wp-content\/uploads\/2017\/05\/Assemblee.jpg"}],"twitter_card":"summary_large_image","twitter_misc":{"Dur\u00e9e de lecture estim\u00e9e":"2 minutes"},"schema":{"@context":"https:\/\/schema.org","@graph":[{"@type":"WebPage","@id":"https:\/\/francaisdesuisse.ch\/wp\/site\/liens-utiles\/vos-parlementaires-2\/","url":"https:\/\/francaisdesuisse.ch\/wp\/site\/liens-utiles\/vos-parlementaires-2\/","name":"Vos parlementaires - UFEZ","isPartOf":{"@id":"https:\/\/francaisdesuisse.ch\/wp\/site\/#website"},"datePublished":"2015-09-02T10:32:33+00:00","dateModified":"2025-03-24T07:48:39+00:00","breadcrumb":{"@id":"https:\/\/francaisdesuisse.ch\/wp\/site\/liens-utiles\/vos-parlementaires-2\/#breadcrumb"},"inLanguage":"fr-FR","potentialAction":[{"@type":"ReadAction","target":["https:\/\/francaisdesuisse.ch\/wp\/site\/liens-utiles\/vos-parlementaires-2\/"]}]},{"@type":"BreadcrumbList","@id":"https:\/\/francaisdesuisse.ch\/wp\/site\/liens-utiles\/vos-parlementaires-2\/#breadcrumb","itemListElement":[{"@type":"ListItem","position":1,"name":"Accueil","item":"https:\/\/francaisdesuisse.ch\/wp\/site\/"},{"@type":"ListItem","position":2,"name":"Liens utiles","item":"https:\/\/francaisdesuisse.ch\/wp\/site\/liens-utiles\/"},{"@type":"ListItem","position":3,"name":"Vos parlementaires"}]},{"@type":"WebSite","@id":"https:\/\/francaisdesuisse.ch\/wp\/site\/#website","url":"https:\/\/francaisdesuisse.ch\/wp\/site\/","name":"UFEZ","description":"","publisher":{"@id":"https:\/\/francaisdesuisse.ch\/wp\/site\/#organization"},"potentialAction":[{"@type":"SearchAction","target":{"@type":"EntryPoint","urlTemplate":"https:\/\/francaisdesuisse.ch\/wp\/site\/?s={search_term_string}"},"query-input":"required name=search_term_string"}],"inLanguage":"fr-FR"},{"@type":"Organization","@id":"https:\/\/francaisdesuisse.ch\/wp\/site\/#organization","name":"UFEZ","url":"https:\/\/francaisdesuisse.ch\/wp\/site\/","logo":{"@type":"ImageObject","inLanguage":"fr-FR","@id":"https:\/\/francaisdesuisse.ch\/wp\/site\/#\/schema\/logo\/image\/","url":"https:\/\/francaisdesuisse.ch\/wp\/site\/wp-content\/uploads\/2018\/11\/ufezLogo800x600.png","contentUrl":"https:\/\/francaisdesuisse.ch\/wp\/site\/wp-content\/uploads\/2018\/11\/ufezLogo800x600.png","width":800,"height":600,"caption":"UFEZ"},"image":{"@id":"https:\/\/francaisdesuisse.ch\/wp\/site\/#\/schema\/logo\/image\/"},"sameAs":["https:\/\/www.facebook.com\/francaisdesuisse"]}]}},"jetpack_sharing_enabled":true,"jetpack_shortlink":"https:\/\/wp.me\/P7hKj7-3A","_links":{"self":[{"href":"https:\/\/francaisdesuisse.ch\/wp\/site\/wp-json\/wp\/v2\/pages\/222"}],"collection":[{"href":"https:\/\/francaisdesuisse.ch\/wp\/site\/wp-json\/wp\/v2\/pages"}],"about":[{"href":"https:\/\/francaisdesuisse.ch\/wp\/site\/wp-json\/wp\/v2\/types\/page"}],"author":[{"embeddable":true,"href":"https:\/\/francaisdesuisse.ch\/wp\/site\/wp-json\/wp\/v2\/users\/2"}],"replies":[{"embeddable":true,"href":"https:\/\/francaisdesuisse.ch\/wp\/site\/wp-json\/wp\/v2\/comments?post=222"}],"version-history":[{"count":14,"href":"https:\/\/francaisdesuisse.ch\/wp\/site\/wp-json\/wp\/v2\/pages\/222\/revisions"}],"predecessor-version":[{"id":2266,"href":"https:\/\/francaisdesuisse.ch\/wp\/site\/wp-json\/wp\/v2\/pages\/222\/revisions\/2266"}],"up":[{"embeddable":true,"href":"https:\/\/francaisdesuisse.ch\/wp\/site\/wp-json\/wp\/v2\/pages\/70"}],"wp:attachment":[{"href":"https:\/\/francaisdesuisse.ch\/wp\/site\/wp-json\/wp\/v2\/media?parent=222"}],"curies":[{"name":"wp","href":"https:\/\/api.w.org\/{rel}","templated":true}]}}